{"id":33,"date":"2025-03-28T12:34:01","date_gmt":"2025-03-28T11:34:01","guid":{"rendered":"https:\/\/psych-praxis-straubing.de\/?page_id=33"},"modified":"2025-05-04T21:45:22","modified_gmt":"2025-05-04T19:45:22","slug":"startseite","status":"publish","type":"page","link":"https:\/\/psych-praxis-straubing.de\/","title":{"rendered":"Startseite"},"content":{"rendered":"\n<div class=\"wp-block-cover alignfull is-light\" style=\"min-height:430px;aspect-ratio:unset;\"><img loading=\"lazy\" decoding=\"async\" width=\"1536\" height=\"1024\" class=\"wp-block-cover__image-background wp-image-90\" alt=\"Behandlungsraum von Praxis M. Mader Fach\u00e4rztin f\u00fcr Psychiatrie &amp; Psychotherapie in Straubing\" src=\"https:\/\/psych-praxis-straubing.de\/wp-content\/uploads\/2025\/04\/2cf0b382-31a4-4c9b-b334-db901dc00050.png\" data-object-fit=\"cover\" srcset=\"https:\/\/psych-praxis-straubing.de\/wp-content\/uploads\/2025\/04\/2cf0b382-31a4-4c9b-b334-db901dc00050.png 1536w, https:\/\/psych-praxis-straubing.de\/wp-content\/uploads\/2025\/04\/2cf0b382-31a4-4c9b-b334-db901dc00050-300x200.png 300w, https:\/\/psych-praxis-straubing.de\/wp-content\/uploads\/2025\/04\/2cf0b382-31a4-4c9b-b334-db901dc00050-1024x683.png 1024w, https:\/\/psych-praxis-straubing.de\/wp-content\/uploads\/2025\/04\/2cf0b382-31a4-4c9b-b334-db901dc00050-768x512.png 768w\" sizes=\"auto, (max-width: 1536px) 100vw, 1536px\" \/><span aria-hidden=\"true\" class=\"wp-block-cover__background has-background-dim\" style=\"background-color:#c1aa93\"><\/span><div class=\"wp-block-cover__inner-container is-layout-constrained wp-block-cover-is-layout-constrained\">\n<p class=\"has-text-align-center has-large-font-size\"><\/p>\n<\/div><\/div>\n\n\n\n<div class=\"wp-block-group is-layout-constrained wp-block-group-is-layout-constrained\">\n<h1 class=\"wp-block-heading\">Praxis am Theresienplatz in Straubing<\/h1>\n\n\n\n<p>(Fach\u00e4rztin f\u00fcr Psychiatrie und Psychotherapie \u2013 Psychotherapeutische Kassenzulassung, psychiatrisch privat)<\/p>\n\n\n\n<p>Herzlich willkommen in unserer Praxis am <strong>Theresienplatz\u202f3<\/strong> im Herzen von <strong>Straubing<\/strong> \u2013 direkt neben dem historischen Stadtturm. Aufgrund der zentralen Lage zwischen <strong>Regensburg<\/strong> und <strong>Passau<\/strong> ist Straubing sowohl mit Auto, Bahn als auch Bus gut erreichbar. Wir bieten eine <strong>ganzheitliche Versorgung<\/strong> bei verschiedenen seelischen Belastungen und St\u00f6rungsbildern \u2013 ausschlie\u00dflich <strong>nach vorheriger Terminvereinbarung<\/strong>.<\/p>\n\n\n\n<div class=\"wp-block-group is-layout-constrained wp-block-group-is-layout-constrained\">\n<h2 class=\"wp-block-heading\">Umfassende psychiatrische und psychotherapeutische Betreuung<\/h2>\n\n\n\n<p style=\"margin-right:0;margin-left:0\">Wir behandeln ein <strong>breites Spektrum<\/strong> psychischer Erkrankungen und Beschwerden. Dazu geh\u00f6ren unter anderem:<\/p>\n\n\n\n<ul style=\"margin-top:0;margin-bottom:0\" class=\"wp-block-list\">\n<li><strong><a href=\"https:\/\/psych-praxis-straubing.de\/index.php\/depression-behandlung\/\" title=\"Depression\">Depressionen<\/a><\/strong><br>(z.\u202fB. Burn-out-Syndrom, Ersch\u00f6pfungszust\u00e4nde)<br>Tiefenpsychologische Verfahren, Stressmanagement und ggf. medikament\u00f6se Unterst\u00fctzung<\/li>\n\n\n\n<li><strong><a href=\"https:\/\/psych-praxis-straubing.de\/index.php\/angststoerungen-therapie\/\" title=\"Angstst\u00f6rungen Therapie\">Angstst\u00f6rungen<\/a><\/strong><br> (z.\u202fB. Panikattacken, Agoraphobie)<br>Konfrontationsmethoden, Entspannungsverfahren und psychotherapeutische Begleitung<\/li>\n\n\n\n<li><strong>Bipolare St\u00f6rungen<\/strong><br>Stabilisierung der Stimmungslage, medikament\u00f6se Therapie, Selbstmanagement<\/li>\n\n\n\n<li><strong><a href=\"https:\/\/psych-praxis-straubing.de\/index.php\/suchtmedizin\/\" title=\"Suchterkrankungen\">Suchterkrankungen<\/a><\/strong><br> (suchtmedizinische Zusatzqualifikation)<br>\u00c4rztlich begleitete Entzugs- und Entw\u00f6hnungstherapie, R\u00fcckfallprophylaxe, psychotherapeutische Unterst\u00fctzung<\/li>\n\n\n\n<li><strong>Zwangserkrankungen und Psychosen<\/strong><br>Kombination aus medikament\u00f6ser Einstellung und psychotherapeutischen Ans\u00e4tzen<\/li>\n\n\n\n<li><strong><a href=\"https:\/\/psych-praxis-straubing.de\/index.php\/adhs-erwachsene\/\" title=\"ADHS bei Erwachsenen\">ADHS bei Erwachsenen<\/a><\/strong><br>Strukturierte Diagnostik, passende medikament\u00f6se Optionen, begleitende Psychotherapie<\/li>\n<\/ul>\n\n\n\n<div class=\"wp-block-group is-layout-constrained wp-block-group-is-layout-constrained\">\n<h2 class=\"wp-block-heading\">Kosten und Abrechnung<\/h2>\n\n\n\n<ul class=\"wp-block-list\">\n<li><strong><a href=\"https:\/\/psych-praxis-straubing.de\/index.php\/psychotherapie\/\" title=\"Psychotherapie\">Psychotherapie<\/a> (Kassenzulassung)<\/strong>: Psychotherapeutische Leistungen k\u00f6nnen \u00fcber die gesetzliche Krankenkasse abgerechnet werden, <strong>sofern freie Therapiepl\u00e4tze<\/strong> im verf\u00fcgbar sind.<\/li>\n\n\n\n<li><strong>Psychiatrische Leistungen (privat\/Selbstzahler)<\/strong>: \u00c4rztlich-psychiatrische Untersuchungen und Behandlungen werden ausschlie\u00dflich \u00fcber <strong>private Krankenversicherung<\/strong> oder als <strong>Selbstzahlerleistung<\/strong> angeboten.<\/li>\n<\/ul>\n\n\n\n<p><em>(Bitte beachten Sie dies bei Ihrer Terminplanung. Wir beraten Sie gerne individuell zu den m\u00f6glichen Abrechnungsmodalit\u00e4ten.)<\/em><\/p>\n<\/div>\n<\/div>\n\n\n\n<div class=\"wp-block-group is-layout-constrained wp-block-group-is-layout-constrained\">\n<h2 class=\"wp-block-heading\">Ganzheitlicher Ansatz und Philosophie<\/h2>\n\n\n\n<h3 class=\"wp-block-heading\">K\u00f6rper und Seele im Blick<\/h3>\n\n\n\n<p>Wir legen gro\u00dfen Wert darauf, <strong>medizinische und psychologische Aspekte<\/strong> gleicherma\u00dfen zu ber\u00fccksichtigen. Neben den klinischen Befunden beziehen wir auch Ihre pers\u00f6nlichen Ressourcen, Lebensweise und sozialen Umst\u00e4nde in die Behandlung ein.<\/p>\n\n\n\n<h3 class=\"wp-block-heading\">Vertrauen und Diskretion<\/h3>\n\n\n\n<p>Als <strong>Fach\u00e4rztin f\u00fcr Psychiatrie und Psychotherapie<\/strong> unterliege ich der Schweigepflicht. Alle Informationen werden <strong>stets vertraulich<\/strong> behandelt, denn eine gesch\u00fctzte und wertsch\u00e4tzende Atmosph\u00e4re ist die Basis f\u00fcr eine erfolgreiche Therapie.<\/p>\n\n\n\n<h3 class=\"wp-block-heading\">Pers\u00f6nliche Betreuung<\/h3>\n\n\n\n<p>Jeder Mensch bringt eine individuelle Geschichte mit. Das Praxisteam nimmt sich daher gen\u00fcgend Zeit, um auf Ihre Fragen und Anliegen einzugehen \u2013 f\u00fcr eine <strong>einf\u00fchlsame und nachhaltige<\/strong> Behandlung.<\/p>\n<\/div>\n\n\n\n<div class=\"wp-block-group is-layout-constrained wp-block-group-is-layout-constrained\">\n<h2 class=\"wp-block-heading\">Barrierefreiheit und Erreichbarkeit<\/h2>\n\n\n\n<ul class=\"wp-block-list\">\n<li><strong>Zentrale Lage<\/strong>: \u00d6ffentliche Verkehrsmittel (Bus, Bahn) und Parkm\u00f6glichkeiten (z.\u202fB. Parkhaus W\u00f6hrl, Parken am Hagen) sind nur wenige Gehminuten entfernt.<\/li>\n\n\n\n<li><strong>Barrierefreier Zugang<\/strong>: Ein <strong>Aufzug<\/strong> erm\u00f6glicht den einfachen Zutritt zu unseren Praxisr\u00e4umen \u2013 auch mit eingeschr\u00e4nkter Mobilit\u00e4t.<\/li>\n<\/ul>\n\n\n\n<p>(Detaillierte Infos zu Ihrer Anreise finden Sie auf unserer separaten <a href=\"https:\/\/psych-praxis-straubing.de\/index.php\/anfahrt\/\" data-type=\"page\" data-id=\"260\">Anfahrt &amp; Lage<\/a>\u2011Seite.)<\/p>\n<\/div>\n\n\n\n<div class=\"wp-block-group is-layout-constrained wp-block-group-is-layout-constrained\">\n<div class=\"wp-block-group is-layout-constrained wp-block-group-is-layout-constrained\">\n<h2 class=\"wp-block-heading\">Terminvereinbarung und Kontakt<\/h2>\n\n\n\n<ul class=\"wp-block-list\">\n<li><strong>Sprechzeiten<\/strong>: Dienstag, Mittwoch, Freitag, Samstag von <strong>08:00\u201313:00\u202fUhr<\/strong><\/li>\n\n\n\n<li><strong>Telefon<\/strong>: <a href=\"tel:094219610582\" title=\"094219610582\">09421 \/ 9610582<\/a><\/li>\n\n\n\n<li><strong>E-Mail<\/strong>: <a href=\"mailto:kontakt@psych-praxis-straubing.de\" title=\"kontakt@psych-praxis-straubing.de\">kontakt@psych-praxis-straubing.de<\/a><\/li>\n\n\n\n<li><strong>Terminbuchung (Doctolib)<\/strong>: <a href=\"https:\/\/www.doctolib.de\/psychiatrie-und-psychotherapie\/straubing\/marietta-mader\" target=\"_blank\" rel=\"noreferrer noopener\">M. Mader Terminkalender<\/a><\/li>\n<\/ul>\n\n\n\n<p>Wir sind ausschlie\u00dflich <strong>nach Terminvereinbarung<\/strong> f\u00fcr Sie da. Rufen Sie gerne an oder nutzen Sie die Online-Buchung, damit wir ausreichend Zeit f\u00fcr Ihr Anliegen einplanen k\u00f6nnen.<\/p>\n<\/div>\n<\/div>\n\n\n\n<div class=\"wp-block-group is-layout-constrained wp-block-group-is-layout-constrained\">\n<div class=\"wp-block-group is-layout-constrained wp-block-group-is-layout-constrained\">\n<h2 class=\"wp-block-heading\">Hinweis bei akuten Krisen<\/h2>\n\n\n\n<p>In dringenden oder lebensbedrohlichen Situationen wenden Sie sich bitte an den <strong>\u00e4rztlichen Bereitschaftsdienst<\/strong> (Tel.\u202f116\u202f117) oder unmittelbar an den <strong>Rettungsdienst<\/strong> (Tel.\u202f112).<\/p>\n<\/div>\n\n\n\n<div class=\"wp-block-group is-layout-constrained wp-block-group-is-layout-constrained\">\n<h2 class=\"wp-block-heading\">Wir freuen uns auf Ihren Besuch<\/h2>\n\n\n\n<p>Ob zur <strong>Behandlung aktueller Beschwerden<\/strong> oder zur <strong>Pr\u00e4vention<\/strong> \u2013 in unserer Praxis am Theresienplatz finden Sie <strong>kompetente, vertrauensvolle Unterst\u00fctzung<\/strong> und eine ganzheitliche Versorgung. Wir begleiten Sie gerne auf dem Weg zu mehr seelischer Gesundheit und Lebensqualit\u00e4t.<\/p>\n<\/div>\n<\/div>\n<\/div>\n\n\n\n<p><\/p>\n","protected":false},"excerpt":{"rendered":"<p>Praxis am Theresienplatz in Straubing (Fach\u00e4rztin f\u00fcr Psychiatrie und Psychotherapie \u2013 Psychotherapeutische Kassenzulassung, psychiatrisch privat) Herzlich willkommen in unserer Praxis [&hellip;]<\/p>\n","protected":false},"author":1,"featured_media":0,"parent":0,"menu_order":0,"comment_status":"closed","ping_status":"closed","template":"","meta":{"site-sidebar-layout":"default","site-content-layout":"","ast-site-content-layout":"","site-content-style":"default","site-sidebar-style":"default","ast-global-header-display":"","ast-banner-title-visibility":"","ast-main-header-display":"","ast-hfb-above-header-display":"","ast-hfb-below-header-display":"","ast-hfb-mobile-header-display":"","site-post-title":"disabled","ast-breadcrumbs-content":"","ast-featured-img":"","footer-sml-layout":"","theme-transparent-header-meta":"","adv-header-id-meta":"","stick-header-meta":"","header-above-stick-meta":"","header-main-stick-meta":"","header-below-stick-meta":"","astra-migrate-meta-layouts":"default","ast-page-background-enabled":"default","ast-page-background-meta":{"desktop":{"background-color":"var(--ast-global-color-5)","background-image":"","background-repeat":"repeat","background-position":"center center","background-size":"auto","background-attachment":"scroll","background-type":"","background-media":"","overlay-type":"","overlay-color":"","overlay-opacity":"","overlay-gradient":""},"tablet":{"background-color":"","background-image":"","background-repeat":"repeat","background-position":"center center","background-size":"auto","background-attachment":"scroll","background-type":"","background-media":"","overlay-type":"","overlay-color":"","overlay-opacity":"","overlay-gradient":""},"mobile":{"background-color":"","background-image":"","background-repeat":"repeat","background-position":"center center","background-size":"auto","background-attachment":"scroll","background-type":"","background-media":"","overlay-type":"","overlay-color":"","overlay-opacity":"","overlay-gradient":""}},"ast-content-background-meta":{"desktop":{"background-color":"var(--ast-global-color-4)","background-image":"","background-repeat":"repeat","background-position":"center center","background-size":"auto","background-attachment":"scroll","background-type":"","background-media":"","overlay-type":"","overlay-color":"","overlay-opacity":"","overlay-gradient":""},"tablet":{"background-color":"var(--ast-global-color-4)","background-image":"","background-repeat":"repeat","background-position":"center center","background-size":"auto","background-attachment":"scroll","background-type":"","background-media":"","overlay-type":"","overlay-color":"","overlay-opacity":"","overlay-gradient":""},"mobile":{"background-color":"var(--ast-global-color-4)","background-image":"","background-repeat":"repeat","background-position":"center center","background-size":"auto","background-attachment":"scroll","background-type":"","background-media":"","overlay-type":"","overlay-color":"","overlay-opacity":"","overlay-gradient":""}},"slim_seo":{"title":"Fach\u00e4rztin Psychiatrie & Psychotherapie Straubing | M. Mader","description":"Kassensitz f\u00fcr Psychotherapie (privat f\u00fcr Psychiatrie). Hilfe bei Depression, Angst, Burn-out & ADHS. Jetzt Termin vereinbaren: 09421\/9610582 oder Doctolib."},"footnotes":""},"class_list":["post-33","page","type-page","status-publish","hentry"],"_links":{"self":[{"href":"https:\/\/psych-praxis-straubing.de\/index.php\/wp-json\/wp\/v2\/pages\/33","targetHints":{"allow":["GET"]}}],"collection":[{"href":"https:\/\/psych-praxis-straubing.de\/index.php\/wp-json\/wp\/v2\/pages"}],"about":[{"href":"https:\/\/psych-praxis-straubing.de\/index.php\/wp-json\/wp\/v2\/types\/page"}],"author":[{"embeddable":true,"href":"https:\/\/psych-praxis-straubing.de\/index.php\/wp-json\/wp\/v2\/users\/1"}],"replies":[{"embeddable":true,"href":"https:\/\/psych-praxis-straubing.de\/index.php\/wp-json\/wp\/v2\/comments?post=33"}],"version-history":[{"count":53,"href":"https:\/\/psych-praxis-straubing.de\/index.php\/wp-json\/wp\/v2\/pages\/33\/revisions"}],"predecessor-version":[{"id":421,"href":"https:\/\/psych-praxis-straubing.de\/index.php\/wp-json\/wp\/v2\/pages\/33\/revisions\/421"}],"wp:attachment":[{"href":"https:\/\/psych-praxis-straubing.de\/index.php\/wp-json\/wp\/v2\/media?parent=33"}],"curies":[{"name":"wp","href":"https:\/\/api.w.org\/{rel}","templated":true}]}}