{"id":11,"date":"2025-03-22T00:08:00","date_gmt":"2025-03-21T23:08:00","guid":{"rendered":"https:\/\/psych-praxis-straubing.de\/?page_id=11"},"modified":"2025-05-03T12:59:03","modified_gmt":"2025-05-03T10:59:03","slug":"impressum","status":"publish","type":"page","link":"https:\/\/psych-praxis-straubing.de\/index.php\/impressum\/","title":{"rendered":"Impressum"},"content":{"rendered":"\n<div class=\"wp-block-cover alignfull is-light\" style=\"min-height:430px;aspect-ratio:unset;\"><span aria-hidden=\"true\" class=\"wp-block-cover__background has-background-dim\" style=\"background-color:#c1aa93\"><\/span><img loading=\"lazy\" decoding=\"async\" width=\"1536\" height=\"1024\" class=\"wp-block-cover__image-background wp-image-90\" alt=\"\" src=\"https:\/\/psych-praxis-straubing.de\/wp-content\/uploads\/2025\/04\/2cf0b382-31a4-4c9b-b334-db901dc00050.png\" data-object-fit=\"cover\" srcset=\"https:\/\/psych-praxis-straubing.de\/wp-content\/uploads\/2025\/04\/2cf0b382-31a4-4c9b-b334-db901dc00050.png 1536w, https:\/\/psych-praxis-straubing.de\/wp-content\/uploads\/2025\/04\/2cf0b382-31a4-4c9b-b334-db901dc00050-300x200.png 300w, https:\/\/psych-praxis-straubing.de\/wp-content\/uploads\/2025\/04\/2cf0b382-31a4-4c9b-b334-db901dc00050-1024x683.png 1024w, https:\/\/psych-praxis-straubing.de\/wp-content\/uploads\/2025\/04\/2cf0b382-31a4-4c9b-b334-db901dc00050-768x512.png 768w\" sizes=\"auto, (max-width: 1536px) 100vw, 1536px\" \/><div class=\"wp-block-cover__inner-container is-layout-constrained wp-block-cover-is-layout-constrained\">\n<p class=\"has-text-align-center has-large-font-size\"><\/p>\n<\/div><\/div>\n\n\n\n<div class=\"wp-block-group is-layout-constrained wp-block-group-is-layout-constrained\"><h1 class=\"wp-block-post-title\">Impressum<\/h1>\n\n\n<p><strong>Angaben gem\u00e4\u00df \u00a7 5 Digitale-Dienste-Gesetz (DDG), \u00a7 18 Medienstaatsvertrag (MStV), Dienstleistungs-Informationspflichten-Verordnung (DL-InfoV) und weiteren einschl\u00e4gigen Gesetzen.<\/strong><\/p>\n\n\n\n<h2 class=\"wp-block-heading\">Praxisinhaberin<\/h2>\n\n\n\n<p><strong>Marietta Mader<\/strong><br>M. Mader Fach\u00e4rztin f\u00fcr Psychiatrie und Psychotherapie<br>Theresienplatz 3<br>94315 Straubing<br>Deutschland<\/p>\n\n\n\n<p>Telefon: 09421 \/ 9610582<br>E-Mail: <a href=\"mailto:kontakt@psych-praxis-straubing.de\">kontakt@psych-praxis-straubing.de<\/a><\/p>\n\n\n\n<h2 class=\"wp-block-heading\">Inhaltlich Verantwortliche gem\u00e4\u00df \u00a7 18 Abs. 2 MStV<\/h2>\n\n\n\n<p>Marietta Mader (M. Mader) &#8211; Anschrift wie oben<\/p>\n\n\n\n<h2 class=\"wp-block-heading\">Berufsbezeichnung und Approbation<\/h2>\n\n\n\n<ul class=\"wp-block-list\">\n<li>\u00c4rztliche Approbation in Bayern, Bundesrepublik Deutschland<\/li>\n\n\n\n<li>Fach\u00e4rztin f\u00fcr Psychiatrie und Psychotherapie<\/li>\n\n\n\n<li>Zusatzbezeichnung \u201eSuchtmedizinische Grundversorgung\u201c<\/li>\n<\/ul>\n\n\n\n<h2 class=\"wp-block-heading\">Zust\u00e4ndige Kammer<\/h2>\n\n\n\n<p><strong>Bayerische Landes\u00e4rztekammer (BL\u00c4K)<\/strong><br>M\u00fchlbaurstra\u00dfe 16<br>81677 M\u00fcnchen<br><a href=\"https:\/\/www.blaek.de\/recht\/berufsordnung\" target=\"_blank\" rel=\"noopener\">Berufsordnung der BL\u00c4K<\/a><\/p>\n\n\n\n<p><em>Es gelten die berufsrechtlichen Bestimmungen f\u00fcr \u00c4rzte in Bayern, insbesondere die Berufsordnung f\u00fcr die \u00c4rzte Bayerns und das Bayerische Heilberufe-Kammergesetz (HKaG).<\/em><\/p>\n\n\n\n<h2 class=\"wp-block-heading\">Kassen\u00e4rztliche Vereinigung<\/h2>\n\n\n\n<p>Kassen\u00e4rztliche Vereinigung Bayerns (KVB)<br>Elsenheimerstra\u00dfe 39<br>80687 M\u00fcnchen<\/p>\n\n\n\n<p><em>Marietta Mader ist zugelassene Vertrags\u00e4rztin mit Kassensitz (Psychotherapie).<\/em><\/p>\n\n\n\n<h2 class=\"wp-block-heading\">Aufsichtsbeh\u00f6rden<\/h2>\n\n\n\n<ul class=\"wp-block-list\">\n<li><p class=\"\" data-start=\"1514\" data-end=\"1579\">Regierung von Niederbayern, Regierungsplatz 540, 84028 Landshut<\/p><\/li>\n\n\n\n<li><p class=\"\" data-start=\"1514\" data-end=\"1579\">Stadt Straubing \u2013 Amt f\u00fcr Gesundheit und Lebensmittel\u00fcberwachung, Uferstra\u00dfe 52, 94315 Straubing<\/p><\/li>\n<\/ul>\n\n\n\n<h2 class=\"wp-block-heading\">Berufshaftpflichtversicherung<\/h2>\n\n\n\n<p><strong>Deutsche \u00c4rzteversicherung Allgemeine Zweigniederlassung der AXA Versicherung AG<\/strong><br>B\u00f6rsenplatz 1<br>50667 K\u00f6ln<br>Postanschrift: 51171 K\u00f6ln<br><strong>R\u00e4umlicher Geltungsbereich:<\/strong> Deutschland<\/p>\n\n\n\n<h2 class=\"wp-block-heading\">Umsatzsteuer<\/h2>\n\n\n\n<p>Heilbehandlungen sind nach \u00a7 4 Nr. 14 UStG von der Umsatzsteuer befreit. Eine Umsatzsteuer-Identifikationsnummer ist nicht vorhanden.<\/p>\n\n\n\n<h2 class=\"wp-block-heading\">Verbraucherstreitbeilegung<\/h2>\n\n\n\n<p>Wir sind <strong>nicht bereit und nicht verpflichtet<\/strong>, an Streitbeilegungsverfahren vor einer Verbraucherschlichtungsstelle teilzunehmen (\u00a7 36 VSBG).<\/p>\n\n\n\n<h2 class=\"wp-block-heading\">Datenschutzerkl\u00e4rung<\/h2>\n\n\n\n<p>Unsere Hinweise zum Datenschutz finden Sie in unserer<br><a href=\"https:\/\/psych-praxis-straubing.de\/index.php\/datenschutzerklaerung\/\" target=\"_blank\" rel=\"noopener\">Datenschutzerkl\u00e4rung<\/a><\/p>\n<\/div>\n","protected":false},"excerpt":{"rendered":"<p>Angaben gem\u00e4\u00df \u00a7 5 Digitale-Dienste-Gesetz (DDG), \u00a7 18 Medienstaatsvertrag (MStV), Dienstleistungs-Informationspflichten-Verordnung (DL-InfoV) und weiteren einschl\u00e4gigen Gesetzen. Praxisinhaberin Marietta MaderM. Mader [&hellip;]<\/p>\n","protected":false},"author":1,"featured_media":0,"parent":0,"menu_order":0,"comment_status":"closed","ping_status":"closed","template":"","meta":{"site-sidebar-layout":"default","site-content-layout":"","ast-site-content-layout":"","site-content-style":"default","site-sidebar-style":"default","ast-global-header-display":"","ast-banner-title-visibility":"","ast-main-header-display":"","ast-hfb-above-header-display":"","ast-hfb-below-header-display":"","ast-hfb-mobile-header-display":"","site-post-title":"disabled","ast-breadcrumbs-content":"","ast-featured-img":"","footer-sml-layout":"","theme-transparent-header-meta":"","adv-header-id-meta":"","stick-header-meta":"","header-above-stick-meta":"","header-main-stick-meta":"","header-below-stick-meta":"","astra-migrate-meta-layouts":"default","ast-page-background-enabled":"default","ast-page-background-meta":{"desktop":{"background-color":"var(--ast-global-color-5)","background-image":"","background-repeat":"repeat","background-position":"center center","background-size":"auto","background-attachment":"scroll","background-type":"","background-media":"","overlay-type":"","overlay-color":"","overlay-opacity":"","overlay-gradient":""},"tablet":{"background-color":"","background-image":"","background-repeat":"repeat","background-position":"center center","background-size":"auto","background-attachment":"scroll","background-type":"","background-media":"","overlay-type":"","overlay-color":"","overlay-opacity":"","overlay-gradient":""},"mobile":{"background-color":"","background-image":"","background-repeat":"repeat","background-position":"center center","background-size":"auto","background-attachment":"scroll","background-type":"","background-media":"","overlay-type":"","overlay-color":"","overlay-opacity":"","overlay-gradient":""}},"ast-content-background-meta":{"desktop":{"background-color":"var(--ast-global-color-4)","background-image":"","background-repeat":"repeat","background-position":"center center","background-size":"auto","background-attachment":"scroll","background-type":"","background-media":"","overlay-type":"","overlay-color":"","overlay-opacity":"","overlay-gradient":""},"tablet":{"background-color":"var(--ast-global-color-4)","background-image":"","background-repeat":"repeat","background-position":"center center","background-size":"auto","background-attachment":"scroll","background-type":"","background-media":"","overlay-type":"","overlay-color":"","overlay-opacity":"","overlay-gradient":""},"mobile":{"background-color":"var(--ast-global-color-4)","background-image":"","background-repeat":"repeat","background-position":"center center","background-size":"auto","background-attachment":"scroll","background-type":"","background-media":"","overlay-type":"","overlay-color":"","overlay-opacity":"","overlay-gradient":""}},"slim_seo":{"title":"Praxis f\u00fcr Psychiatrie & Psychotherapie - M. Mader","description":"Praxisinhaber: Marietta Mader (M. Mader) Fach\u00e4rztin f\u00fcr Psychiatrie & Psychotherapie am Theresienplatz 3 in 94315 Straubing."},"footnotes":""},"class_list":["post-11","page","type-page","status-publish","hentry"],"_links":{"self":[{"href":"https:\/\/psych-praxis-straubing.de\/index.php\/wp-json\/wp\/v2\/pages\/11","targetHints":{"allow":["GET"]}}],"collection":[{"href":"https:\/\/psych-praxis-straubing.de\/index.php\/wp-json\/wp\/v2\/pages"}],"about":[{"href":"https:\/\/psych-praxis-straubing.de\/index.php\/wp-json\/wp\/v2\/types\/page"}],"author":[{"embeddable":true,"href":"https:\/\/psych-praxis-straubing.de\/index.php\/wp-json\/wp\/v2\/users\/1"}],"replies":[{"embeddable":true,"href":"https:\/\/psych-praxis-straubing.de\/index.php\/wp-json\/wp\/v2\/comments?post=11"}],"version-history":[{"count":19,"href":"https:\/\/psych-praxis-straubing.de\/index.php\/wp-json\/wp\/v2\/pages\/11\/revisions"}],"predecessor-version":[{"id":399,"href":"https:\/\/psych-praxis-straubing.de\/index.php\/wp-json\/wp\/v2\/pages\/11\/revisions\/399"}],"wp:attachment":[{"href":"https:\/\/psych-praxis-straubing.de\/index.php\/wp-json\/wp\/v2\/media?parent=11"}],"curies":[{"name":"wp","href":"https:\/\/api.w.org\/{rel}","templated":true}]}}